{"id":2004,"date":"2022-10-05T11:12:08","date_gmt":"2022-10-05T11:12:08","guid":{"rendered":"https:\/\/hotelpaseodelsolsv.com\/?page_id=2004"},"modified":"2025-03-23T08:49:39","modified_gmt":"2025-03-23T14:49:39","slug":"habitaciones","status":"publish","type":"page","link":"https:\/\/hotelpaseodelsolsv.com\/en\/habitaciones\/","title":{"rendered":"Rooms"},"content":{"rendered":"\t\t<div data-elementor-type=\"wp-page\" data-elementor-id=\"2004\" class=\"elementor elementor-2004\" data-elementor-post-type=\"page\">\n\t\t\t\t\t\t<section class=\"elementor-section elementor-top-section elementor-element elementor-element-be17ba7 elementor-section-height-min-height elementor-section-boxed elementor-section-height-default elementor-section-items-middle\" data-id=\"be17ba7\" data-element_type=\"section\" data-e-type=\"section\" data-settings=\"{&quot;background_background&quot;:&quot;slideshow&quot;,&quot;background_slideshow_gallery&quot;:[{&quot;id&quot;:1533,&quot;url&quot;:&quot;https:\\\/\\\/hotelpaseodelsolsv.com\\\/wp-content\\\/uploads\\\/2022\\\/07\\\/IMG_2741-scaled.jpg&quot;}],&quot;background_slideshow_loop&quot;:&quot;yes&quot;,&quot;background_slideshow_slide_duration&quot;:5000,&quot;background_slideshow_slide_transition&quot;:&quot;fade&quot;,&quot;background_slideshow_transition_duration&quot;:500}\">\n\t\t\t\t\t\t\t<div class=\"elementor-background-overlay\"><\/div>\n\t\t\t\t\t\t\t<div class=\"elementor-container elementor-column-gap-default\">\n\t\t\t\t\t<div class=\"elementor-column elementor-col-100 elementor-top-column elementor-element elementor-element-6987f03\" data-id=\"6987f03\" data-element_type=\"column\" data-e-type=\"column\">\n\t\t\t<div class=\"elementor-widget-wrap elementor-element-populated\">\n\t\t\t\t\t\t<div class=\"elementor-element elementor-element-12b9932 elementor-widget elementor-widget-heading\" data-id=\"12b9932\" data-element_type=\"widget\" data-e-type=\"widget\" data-widget_type=\"heading.default\">\n\t\t\t\t<div class=\"elementor-widget-container\">\n\t\t\t\t\t<h2 class=\"elementor-heading-title elementor-size-default\">Habitaciones<\/h2>\t\t\t\t<\/div>\n\t\t\t\t<\/div>\n\t\t\t\t\t<\/div>\n\t\t<\/div>\n\t\t\t\t\t<\/div>\n\t\t<\/section>\n\t\t\t\t<section class=\"elementor-section elementor-top-section elementor-element elementor-element-109c2ad elementor-section-boxed elementor-section-height-default elementor-section-height-default\" data-id=\"109c2ad\" data-element_type=\"section\" data-e-type=\"section\">\n\t\t\t\t\t\t<div class=\"elementor-container elementor-column-gap-default\">\n\t\t\t\t\t<div class=\"elementor-column elementor-col-100 elementor-top-column elementor-element elementor-element-908064d\" data-id=\"908064d\" data-element_type=\"column\" data-e-type=\"column\">\n\t\t\t<div class=\"elementor-widget-wrap elementor-element-populated\">\n\t\t\t\t\t\t<div class=\"elementor-element elementor-element-eebf296 elementor-widget elementor-widget-spacer\" data-id=\"eebf296\" data-element_type=\"widget\" data-e-type=\"widget\" data-widget_type=\"spacer.default\">\n\t\t\t\t<div class=\"elementor-widget-container\">\n\t\t\t\t\t\t\t<div class=\"elementor-spacer\">\n\t\t\t<div class=\"elementor-spacer-inner\"><\/div>\n\t\t<\/div>\n\t\t\t\t\t\t<\/div>\n\t\t\t\t<\/div>\n\t\t\t\t\t<\/div>\n\t\t<\/div>\n\t\t\t\t\t<\/div>\n\t\t<\/section>\n\t\t\t\t<section class=\"elementor-section elementor-top-section elementor-element elementor-element-7acbf0b elementor-section-boxed elementor-section-height-default elementor-section-height-default\" data-id=\"7acbf0b\" data-element_type=\"section\" data-e-type=\"section\">\n\t\t\t\t\t\t<div class=\"elementor-container elementor-column-gap-default\">\n\t\t\t\t\t<div class=\"elementor-column elementor-col-33 elementor-top-column elementor-element elementor-element-ce2640d\" data-id=\"ce2640d\" data-element_type=\"column\" data-e-type=\"column\">\n\t\t\t<div class=\"elementor-widget-wrap elementor-element-populated\">\n\t\t\t\t\t\t<div class=\"elementor-element elementor-element-479555e elementor-widget elementor-widget-image\" data-id=\"479555e\" data-element_type=\"widget\" data-e-type=\"widget\" data-widget_type=\"image.default\">\n\t\t\t\t<div class=\"elementor-widget-container\">\n\t\t\t\t\t\t\t\t\t\t\t\t\t\t\t\t<a href=\"https:\/\/hotelpaseodelsolsv.com\/accommodation\/habitacion-confort\/\">\n\t\t\t\t\t\t\t<img fetchpriority=\"high\" decoding=\"async\" width=\"1024\" height=\"768\" src=\"https:\/\/hotelpaseodelsolsv.com\/wp-content\/uploads\/2025\/01\/IMG_1041-1-1024x768.jpg\" class=\"elementor-animation-grow attachment-large size-large wp-image-34749\" alt=\"\" srcset=\"https:\/\/hotelpaseodelsolsv.com\/wp-content\/uploads\/2025\/01\/IMG_1041-1-1024x768.jpg 1024w, https:\/\/hotelpaseodelsolsv.com\/wp-content\/uploads\/2025\/01\/IMG_1041-1-300x225.jpg 300w, https:\/\/hotelpaseodelsolsv.com\/wp-content\/uploads\/2025\/01\/IMG_1041-1-768x576.jpg 768w, https:\/\/hotelpaseodelsolsv.com\/wp-content\/uploads\/2025\/01\/IMG_1041-1-1536x1152.jpg 1536w, https:\/\/hotelpaseodelsolsv.com\/wp-content\/uploads\/2025\/01\/IMG_1041-1-2048x1536.jpg 2048w, https:\/\/hotelpaseodelsolsv.com\/wp-content\/uploads\/2025\/01\/IMG_1041-1-16x12.jpg 16w, https:\/\/hotelpaseodelsolsv.com\/wp-content\/uploads\/2025\/01\/IMG_1041-1-600x450.jpg 600w\" sizes=\"(max-width: 1024px) 100vw, 1024px\" \/>\t\t\t\t\t\t\t\t<\/a>\n\t\t\t\t\t\t\t\t\t\t\t\t\t\t\t<\/div>\n\t\t\t\t<\/div>\n\t\t\t\t<div class=\"elementor-element elementor-element-010c971 elementor-widget elementor-widget-heading\" data-id=\"010c971\" data-element_type=\"widget\" data-e-type=\"widget\" data-widget_type=\"heading.default\">\n\t\t\t\t<div class=\"elementor-widget-container\">\n\t\t\t\t\t<h3 class=\"elementor-heading-title elementor-size-default\"><a href=\"https:\/\/hotelpaseodelsolsv.com\/rooms-2\/\">Habitaci\u00f3n Confort<\/a><\/h3>\t\t\t\t<\/div>\n\t\t\t\t<\/div>\n\t\t\t\t<div class=\"elementor-element elementor-element-1df024b elementor-widget elementor-widget-text-editor\" data-id=\"1df024b\" data-element_type=\"widget\" data-e-type=\"widget\" data-widget_type=\"text-editor.default\">\n\t\t\t\t<div class=\"elementor-widget-container\">\n\t\t\t\t\t\t\t\t\t<p><span style=\"color: #000000;\">Habitaci\u00f3n Confort recientemente ignaurada, es ideal para parejas que buscan una experiencia inolvidable para una escapada exclusiva.<\/span><\/p>\t\t\t\t\t\t\t\t<\/div>\n\t\t\t\t<\/div>\n\t\t\t\t<div class=\"elementor-element elementor-element-9cd18d0 elementor-widget elementor-widget-spacer\" data-id=\"9cd18d0\" data-element_type=\"widget\" data-e-type=\"widget\" data-widget_type=\"spacer.default\">\n\t\t\t\t<div class=\"elementor-widget-container\">\n\t\t\t\t\t\t\t<div class=\"elementor-spacer\">\n\t\t\t<div class=\"elementor-spacer-inner\"><\/div>\n\t\t<\/div>\n\t\t\t\t\t\t<\/div>\n\t\t\t\t<\/div>\n\t\t\t\t\t<\/div>\n\t\t<\/div>\n\t\t\t\t<div class=\"elementor-column elementor-col-33 elementor-top-column elementor-element elementor-element-113ced2\" data-id=\"113ced2\" data-element_type=\"column\" data-e-type=\"column\">\n\t\t\t<div class=\"elementor-widget-wrap elementor-element-populated\">\n\t\t\t\t\t\t<div class=\"elementor-element elementor-element-1ee43b2 elementor-widget elementor-widget-image\" data-id=\"1ee43b2\" data-element_type=\"widget\" data-e-type=\"widget\" data-widget_type=\"image.default\">\n\t\t\t\t<div class=\"elementor-widget-container\">\n\t\t\t\t\t\t\t\t\t\t\t\t\t\t\t\t<a href=\"https:\/\/hotelpaseodelsolsv.com\/accommodation\/habitacion-deluxe-con-vista-al-mar\/\">\n\t\t\t\t\t\t\t<img decoding=\"async\" width=\"1024\" height=\"768\" src=\"https:\/\/hotelpaseodelsolsv.com\/wp-content\/uploads\/2023\/12\/IMG_1841-1024x768.jpg\" class=\"elementor-animation-grow attachment-large size-large wp-image-18358\" alt=\"\" srcset=\"https:\/\/hotelpaseodelsolsv.com\/wp-content\/uploads\/2023\/12\/IMG_1841-1024x768.jpg 1024w, https:\/\/hotelpaseodelsolsv.com\/wp-content\/uploads\/2023\/12\/IMG_1841-300x225.jpg 300w, https:\/\/hotelpaseodelsolsv.com\/wp-content\/uploads\/2023\/12\/IMG_1841-768x576.jpg 768w, https:\/\/hotelpaseodelsolsv.com\/wp-content\/uploads\/2023\/12\/IMG_1841-1536x1152.jpg 1536w, https:\/\/hotelpaseodelsolsv.com\/wp-content\/uploads\/2023\/12\/IMG_1841-2048x1536.jpg 2048w, https:\/\/hotelpaseodelsolsv.com\/wp-content\/uploads\/2023\/12\/IMG_1841-16x12.jpg 16w, https:\/\/hotelpaseodelsolsv.com\/wp-content\/uploads\/2023\/12\/IMG_1841-600x450.jpg 600w\" sizes=\"(max-width: 1024px) 100vw, 1024px\" \/>\t\t\t\t\t\t\t\t<\/a>\n\t\t\t\t\t\t\t\t\t\t\t\t\t\t\t<\/div>\n\t\t\t\t<\/div>\n\t\t\t\t<div class=\"elementor-element elementor-element-1e92f42 elementor-widget elementor-widget-heading\" data-id=\"1e92f42\" data-element_type=\"widget\" data-e-type=\"widget\" data-widget_type=\"heading.default\">\n\t\t\t\t<div class=\"elementor-widget-container\">\n\t\t\t\t\t<h3 class=\"elementor-heading-title elementor-size-default\"><a href=\"https:\/\/hotelpaseodelsolsv.com\/habitacion-superior-con-terraza\/\">Habitaci\u00f3n Deluxe con vista parcial al mar<\/a><\/h3>\t\t\t\t<\/div>\n\t\t\t\t<\/div>\n\t\t\t\t<div class=\"elementor-element elementor-element-5b357c1 elementor-widget elementor-widget-text-editor\" data-id=\"5b357c1\" data-element_type=\"widget\" data-e-type=\"widget\" data-widget_type=\"text-editor.default\">\n\t\t\t\t<div class=\"elementor-widget-container\">\n\t\t\t\t\t\t\t\t\t<p><span style=\"color: #000000;\">Habitaci\u00f3n recientemente ignaurada con la m\u00e1xima comodidad ideal para un grupo familiar o de amigos que busquen exclusividad, comodidad y una vista espeluznante.\u00a0<\/span><\/p>\t\t\t\t\t\t\t\t<\/div>\n\t\t\t\t<\/div>\n\t\t\t\t\t<\/div>\n\t\t<\/div>\n\t\t\t\t<div class=\"elementor-column elementor-col-33 elementor-top-column elementor-element elementor-element-d9f0cfb\" data-id=\"d9f0cfb\" data-element_type=\"column\" data-e-type=\"column\">\n\t\t\t<div class=\"elementor-widget-wrap elementor-element-populated\">\n\t\t\t\t\t\t<div class=\"elementor-element elementor-element-6231be1 elementor-widget elementor-widget-image\" data-id=\"6231be1\" data-element_type=\"widget\" data-e-type=\"widget\" data-widget_type=\"image.default\">\n\t\t\t\t<div class=\"elementor-widget-container\">\n\t\t\t\t\t\t\t\t\t\t\t\t\t\t\t\t<a href=\"https:\/\/hotelpaseodelsolsv.com\/habitacion-superior\/\">\n\t\t\t\t\t\t\t<img decoding=\"async\" width=\"1024\" height=\"768\" src=\"https:\/\/hotelpaseodelsolsv.com\/wp-content\/uploads\/2022\/07\/IMG_2909-1024x768.jpg\" class=\"elementor-animation-grow attachment-large size-large wp-image-1538\" alt=\"\" srcset=\"https:\/\/hotelpaseodelsolsv.com\/wp-content\/uploads\/2022\/07\/IMG_2909-1024x768.jpg 1024w, https:\/\/hotelpaseodelsolsv.com\/wp-content\/uploads\/2022\/07\/IMG_2909-scaled-600x450.jpg 600w, https:\/\/hotelpaseodelsolsv.com\/wp-content\/uploads\/2022\/07\/IMG_2909-300x225.jpg 300w, https:\/\/hotelpaseodelsolsv.com\/wp-content\/uploads\/2022\/07\/IMG_2909-768x576.jpg 768w, https:\/\/hotelpaseodelsolsv.com\/wp-content\/uploads\/2022\/07\/IMG_2909-1536x1152.jpg 1536w, https:\/\/hotelpaseodelsolsv.com\/wp-content\/uploads\/2022\/07\/IMG_2909-2048x1536.jpg 2048w\" sizes=\"(max-width: 1024px) 100vw, 1024px\" \/>\t\t\t\t\t\t\t\t<\/a>\n\t\t\t\t\t\t\t\t\t\t\t\t\t\t\t<\/div>\n\t\t\t\t<\/div>\n\t\t\t\t<div class=\"elementor-element elementor-element-43656be elementor-widget elementor-widget-heading\" data-id=\"43656be\" data-element_type=\"widget\" data-e-type=\"widget\" data-widget_type=\"heading.default\">\n\t\t\t\t<div class=\"elementor-widget-container\">\n\t\t\t\t\t<h3 class=\"elementor-heading-title elementor-size-default\"><a href=\"https:\/\/hotelpaseodelsolsv.com\/rooms-2\/\">Habitaci\u00f3n Est\u00e1ndar<\/a><\/h3>\t\t\t\t<\/div>\n\t\t\t\t<\/div>\n\t\t\t\t<div class=\"elementor-element elementor-element-6d82028 elementor-widget elementor-widget-text-editor\" data-id=\"6d82028\" data-element_type=\"widget\" data-e-type=\"widget\" data-widget_type=\"text-editor.default\">\n\t\t\t\t<div class=\"elementor-widget-container\">\n\t\t\t\t\t\t\t\t\t<p><span style=\"color: #000000;\">Habitaci\u00f3n est\u00e1ndar confortable en primera planta para aquellos que buscan la mayor comodidad para una estad\u00eda inolvidable.<\/span><\/p>\t\t\t\t\t\t\t\t<\/div>\n\t\t\t\t<\/div>\n\t\t\t\t<div class=\"elementor-element elementor-element-bf5674a elementor-widget elementor-widget-spacer\" data-id=\"bf5674a\" data-element_type=\"widget\" data-e-type=\"widget\" data-widget_type=\"spacer.default\">\n\t\t\t\t<div class=\"elementor-widget-container\">\n\t\t\t\t\t\t\t<div class=\"elementor-spacer\">\n\t\t\t<div class=\"elementor-spacer-inner\"><\/div>\n\t\t<\/div>\n\t\t\t\t\t\t<\/div>\n\t\t\t\t<\/div>\n\t\t\t\t\t<\/div>\n\t\t<\/div>\n\t\t\t\t\t<\/div>\n\t\t<\/section>\n\t\t\t\t<section class=\"elementor-section elementor-top-section elementor-element elementor-element-22ae45d elementor-section-boxed elementor-section-height-default elementor-section-height-default\" data-id=\"22ae45d\" data-element_type=\"section\" data-e-type=\"section\">\n\t\t\t\t\t\t<div class=\"elementor-container elementor-column-gap-default\">\n\t\t\t\t\t<div class=\"elementor-column elementor-col-50 elementor-top-column elementor-element elementor-element-5009aa5\" data-id=\"5009aa5\" data-element_type=\"column\" data-e-type=\"column\">\n\t\t\t<div class=\"elementor-widget-wrap elementor-element-populated\">\n\t\t\t\t\t\t<div class=\"elementor-element elementor-element-bc89e74 elementor-widget elementor-widget-image\" data-id=\"bc89e74\" data-element_type=\"widget\" data-e-type=\"widget\" data-widget_type=\"image.default\">\n\t\t\t\t<div class=\"elementor-widget-container\">\n\t\t\t\t\t\t\t\t\t\t\t\t\t\t\t\t<a href=\"https:\/\/hotelpaseodelsolsv.com\/habitacion-superior-con-terraza\/\">\n\t\t\t\t\t\t\t<img loading=\"lazy\" decoding=\"async\" width=\"1024\" height=\"768\" src=\"https:\/\/hotelpaseodelsolsv.com\/wp-content\/uploads\/2021\/05\/WhatsApp-Image-2021-10-26-at-15.53.26-1024x768.jpeg\" class=\"elementor-animation-grow attachment-large size-large wp-image-436\" alt=\"\" srcset=\"https:\/\/hotelpaseodelsolsv.com\/wp-content\/uploads\/2021\/05\/WhatsApp-Image-2021-10-26-at-15.53.26-1024x768.jpeg 1024w, https:\/\/hotelpaseodelsolsv.com\/wp-content\/uploads\/2021\/05\/WhatsApp-Image-2021-10-26-at-15.53.26-600x450.jpeg 600w, https:\/\/hotelpaseodelsolsv.com\/wp-content\/uploads\/2021\/05\/WhatsApp-Image-2021-10-26-at-15.53.26-300x225.jpeg 300w, https:\/\/hotelpaseodelsolsv.com\/wp-content\/uploads\/2021\/05\/WhatsApp-Image-2021-10-26-at-15.53.26-768x576.jpeg 768w, https:\/\/hotelpaseodelsolsv.com\/wp-content\/uploads\/2021\/05\/WhatsApp-Image-2021-10-26-at-15.53.26-1536x1152.jpeg 1536w, https:\/\/hotelpaseodelsolsv.com\/wp-content\/uploads\/2021\/05\/WhatsApp-Image-2021-10-26-at-15.53.26.jpeg 1600w\" sizes=\"(max-width: 1024px) 100vw, 1024px\" \/>\t\t\t\t\t\t\t\t<\/a>\n\t\t\t\t\t\t\t\t\t\t\t\t\t\t\t<\/div>\n\t\t\t\t<\/div>\n\t\t\t\t<div class=\"elementor-element elementor-element-bf82543 elementor-widget elementor-widget-heading\" data-id=\"bf82543\" data-element_type=\"widget\" data-e-type=\"widget\" data-widget_type=\"heading.default\">\n\t\t\t\t<div class=\"elementor-widget-container\">\n\t\t\t\t\t<h3 class=\"elementor-heading-title elementor-size-default\"><a href=\"https:\/\/hotelpaseodelsolsv.com\/habitacion-superior-con-terraza\/\">Habitaci\u00f3n Superior con Terraza privada<\/a><\/h3>\t\t\t\t<\/div>\n\t\t\t\t<\/div>\n\t\t\t\t<div class=\"elementor-element elementor-element-a694cd9 elementor-widget elementor-widget-text-editor\" data-id=\"a694cd9\" data-element_type=\"widget\" data-e-type=\"widget\" data-widget_type=\"text-editor.default\">\n\t\t\t\t<div class=\"elementor-widget-container\">\n\t\t\t\t\t\t\t\t\t<p><span style=\"color: #000000;\">Habitaci\u00f3n Superior con Terraza privada en segunda planta para esas vacaciones bien merecidas ya sea en familia o en pareja.<\/span><\/p>\t\t\t\t\t\t\t\t<\/div>\n\t\t\t\t<\/div>\n\t\t\t\t\t<\/div>\n\t\t<\/div>\n\t\t\t\t<div class=\"elementor-column elementor-col-50 elementor-top-column elementor-element elementor-element-1eab109\" data-id=\"1eab109\" data-element_type=\"column\" data-e-type=\"column\">\n\t\t\t<div class=\"elementor-widget-wrap elementor-element-populated\">\n\t\t\t\t\t\t<div class=\"elementor-element elementor-element-fd5c163 elementor-widget elementor-widget-image\" data-id=\"fd5c163\" data-element_type=\"widget\" data-e-type=\"widget\" data-widget_type=\"image.default\">\n\t\t\t\t<div class=\"elementor-widget-container\">\n\t\t\t\t\t\t\t\t\t\t\t\t\t\t\t\t<a href=\"https:\/\/hotelpaseodelsolsv.com\/anexo\/\">\n\t\t\t\t\t\t\t<img loading=\"lazy\" decoding=\"async\" width=\"1024\" height=\"768\" src=\"https:\/\/hotelpaseodelsolsv.com\/wp-content\/uploads\/2022\/10\/20220101_211822533_iOS-1024x768.jpg\" class=\"elementor-animation-grow attachment-large size-large wp-image-2459\" alt=\"\" srcset=\"https:\/\/hotelpaseodelsolsv.com\/wp-content\/uploads\/2022\/10\/20220101_211822533_iOS-1024x768.jpg 1024w, https:\/\/hotelpaseodelsolsv.com\/wp-content\/uploads\/2022\/10\/20220101_211822533_iOS-300x225.jpg 300w, https:\/\/hotelpaseodelsolsv.com\/wp-content\/uploads\/2022\/10\/20220101_211822533_iOS-768x576.jpg 768w, https:\/\/hotelpaseodelsolsv.com\/wp-content\/uploads\/2022\/10\/20220101_211822533_iOS-1536x1152.jpg 1536w, https:\/\/hotelpaseodelsolsv.com\/wp-content\/uploads\/2022\/10\/20220101_211822533_iOS-2048x1536.jpg 2048w, https:\/\/hotelpaseodelsolsv.com\/wp-content\/uploads\/2022\/10\/20220101_211822533_iOS-600x450.jpg 600w\" sizes=\"(max-width: 1024px) 100vw, 1024px\" \/>\t\t\t\t\t\t\t\t<\/a>\n\t\t\t\t\t\t\t\t\t\t\t\t\t\t\t<\/div>\n\t\t\t\t<\/div>\n\t\t\t\t<div class=\"elementor-element elementor-element-0b8d8cd elementor-widget elementor-widget-heading\" data-id=\"0b8d8cd\" data-element_type=\"widget\" data-e-type=\"widget\" data-widget_type=\"heading.default\">\n\t\t\t\t<div class=\"elementor-widget-container\">\n\t\t\t\t\t<h3 class=\"elementor-heading-title elementor-size-default\"><a href=\"https:\/\/hotelpaseodelsolsv.com\/habitacion-con-balcon\/\">Anexo<\/a><\/h3>\t\t\t\t<\/div>\n\t\t\t\t<\/div>\n\t\t\t\t<div class=\"elementor-element elementor-element-4804fcd elementor-widget elementor-widget-text-editor\" data-id=\"4804fcd\" data-element_type=\"widget\" data-e-type=\"widget\" data-widget_type=\"text-editor.default\">\n\t\t\t\t<div class=\"elementor-widget-container\">\n\t\t\t\t\t\t\t\t\t<p><span style=\"color: #000000;\">Propiedad a proximidad del hotel que cuenta con 9 habitaciones econ\u00f3micas, piscina, parqueo, acceso al mar y una lista vista hacia el oceano<\/span><\/p>\t\t\t\t\t\t\t\t<\/div>\n\t\t\t\t<\/div>\n\t\t\t\t\t<\/div>\n\t\t<\/div>\n\t\t\t\t\t<\/div>\n\t\t<\/section>\n\t\t\t\t<section class=\"elementor-section elementor-top-section elementor-element elementor-element-316d31c elementor-section-boxed elementor-section-height-default elementor-section-height-default\" data-id=\"316d31c\" data-element_type=\"section\" data-e-type=\"section\">\n\t\t\t\t\t\t<div class=\"elementor-container elementor-column-gap-default\">\n\t\t\t\t\t<div class=\"elementor-column elementor-col-100 elementor-top-column elementor-element elementor-element-dc622e8\" data-id=\"dc622e8\" data-element_type=\"column\" data-e-type=\"column\">\n\t\t\t<div class=\"elementor-widget-wrap elementor-element-populated\">\n\t\t\t\t\t\t<div class=\"elementor-element elementor-element-2849a1d elementor-widget elementor-widget-spacer\" data-id=\"2849a1d\" data-element_type=\"widget\" data-e-type=\"widget\" data-widget_type=\"spacer.default\">\n\t\t\t\t<div class=\"elementor-widget-container\">\n\t\t\t\t\t\t\t<div class=\"elementor-spacer\">\n\t\t\t<div class=\"elementor-spacer-inner\"><\/div>\n\t\t<\/div>\n\t\t\t\t\t\t<\/div>\n\t\t\t\t<\/div>\n\t\t\t\t\t<\/div>\n\t\t<\/div>\n\t\t\t\t\t<\/div>\n\t\t<\/section>\n\t\t\t\t<section class=\"elementor-section elementor-top-section elementor-element elementor-element-b79550d elementor-section-height-min-height elementor-section-boxed elementor-section-height-default elementor-section-items-middle\" data-id=\"b79550d\" data-element_type=\"section\" data-e-type=\"section\" data-settings=\"{&quot;background_background&quot;:&quot;classic&quot;}\">\n\t\t\t\t\t\t\t<div class=\"elementor-background-overlay\"><\/div>\n\t\t\t\t\t\t\t<div class=\"elementor-container elementor-column-gap-no\">\n\t\t\t\t\t<div class=\"elementor-column elementor-col-100 elementor-top-column elementor-element elementor-element-46610bb\" data-id=\"46610bb\" data-element_type=\"column\" data-e-type=\"column\">\n\t\t\t<div class=\"elementor-widget-wrap elementor-element-populated\">\n\t\t\t\t\t\t<div class=\"elementor-element elementor-element-702ff58 elementor-widget elementor-widget-heading\" data-id=\"702ff58\" data-element_type=\"widget\" data-e-type=\"widget\" data-widget_type=\"heading.default\">\n\t\t\t\t<div class=\"elementor-widget-container\">\n\t\t\t\t\t<p class=\"elementor-heading-title elementor-size-default\"><h2 class=\"elementor-heading-title elementor-size-default elementor-inline-editing pen\" data-elementor-setting-key=\"title\" data-pen-placeholder=\"Teclea aqu\u00ed...\" style=\"font-style: normal;text-transform: none;letter-spacing: normal\">RESERVA YA!<br>Para aprovechar de nuestras mejores promociones<\/h2><\/p>\t\t\t\t<\/div>\n\t\t\t\t<\/div>\n\t\t\t\t<div class=\"elementor-element elementor-element-442e4ac elementor-align-center elementor-icon-list--layout-traditional elementor-list-item-link-full_width elementor-widget elementor-widget-icon-list\" data-id=\"442e4ac\" data-element_type=\"widget\" data-e-type=\"widget\" data-widget_type=\"icon-list.default\">\n\t\t\t\t<div class=\"elementor-widget-container\">\n\t\t\t\t\t\t\t<ul class=\"elementor-icon-list-items\">\n\t\t\t\t\t\t\t<li class=\"elementor-icon-list-item\">\n\t\t\t\t\t\t\t\t\t\t\t<a href=\"tel:+50325198571\">\n\n\t\t\t\t\t\t\t\t\t\t\t\t<span class=\"elementor-icon-list-icon\">\n\t\t\t\t\t\t\t<i aria-hidden=\"true\" class=\"fas fa-phone-alt\"><\/i>\t\t\t\t\t\t<\/span>\n\t\t\t\t\t\t\t\t\t\t<span class=\"elementor-icon-list-text\">+503 2519-8571<\/span>\n\t\t\t\t\t\t\t\t\t\t\t<\/a>\n\t\t\t\t\t\t\t\t\t<\/li>\n\t\t\t\t\t\t<\/ul>\n\t\t\t\t\t\t<\/div>\n\t\t\t\t<\/div>\n\t\t\t\t\t<\/div>\n\t\t<\/div>\n\t\t\t\t\t<\/div>\n\t\t<\/section>\n\t\t\t\t<\/div>\n\t\t","protected":false},"excerpt":{"rendered":"<p>Habitaciones Habitaci\u00f3n Confort Habitaci\u00f3n Confort recientemente ignaurada, es ideal para parejas que buscan una experiencia inolvidable para una escapada exclusiva. Habitaci\u00f3n Deluxe con vista parcial al mar Habitaci\u00f3n recientemente ignaurada con la m\u00e1xima comodidad ideal para un grupo familiar o de amigos que busquen exclusividad, comodidad y una vista espeluznante.\u00a0 Habitaci\u00f3n Est\u00e1ndar Habitaci\u00f3n est\u00e1ndar confortable&#8230;<\/p>","protected":false},"author":1,"featured_media":0,"parent":0,"menu_order":0,"comment_status":"closed","ping_status":"closed","template":"elementor_header_footer","meta":{"_kad_post_transparent":"","_kad_post_title":"","_kad_post_layout":"","_kad_post_sidebar_id":"","_kad_post_content_style":"","_kad_post_vertical_padding":"","_kad_post_feature":"","_kad_post_feature_position":"","_kad_post_header":false,"_kad_post_footer":false,"_kad_post_classname":"","_joinchat":[],"footnotes":""},"class_list":["post-2004","page","type-page","status-publish","hentry"],"aioseo_notices":[],"_links":{"self":[{"href":"https:\/\/hotelpaseodelsolsv.com\/en\/wp-json\/wp\/v2\/pages\/2004","targetHints":{"allow":["GET"]}}],"collection":[{"href":"https:\/\/hotelpaseodelsolsv.com\/en\/wp-json\/wp\/v2\/pages"}],"about":[{"href":"https:\/\/hotelpaseodelsolsv.com\/en\/wp-json\/wp\/v2\/types\/page"}],"author":[{"embeddable":true,"href":"https:\/\/hotelpaseodelsolsv.com\/en\/wp-json\/wp\/v2\/users\/1"}],"replies":[{"embeddable":true,"href":"https:\/\/hotelpaseodelsolsv.com\/en\/wp-json\/wp\/v2\/comments?post=2004"}],"version-history":[{"count":114,"href":"https:\/\/hotelpaseodelsolsv.com\/en\/wp-json\/wp\/v2\/pages\/2004\/revisions"}],"predecessor-version":[{"id":37487,"href":"https:\/\/hotelpaseodelsolsv.com\/en\/wp-json\/wp\/v2\/pages\/2004\/revisions\/37487"}],"wp:attachment":[{"href":"https:\/\/hotelpaseodelsolsv.com\/en\/wp-json\/wp\/v2\/media?parent=2004"}],"curies":[{"name":"wp","href":"https:\/\/api.w.org\/{rel}","templated":true}]}}